{"id":32,"date":"2025-03-08T10:43:58","date_gmt":"2025-03-08T09:43:58","guid":{"rendered":"https:\/\/juneec.com\/index.php\/front_page\/"},"modified":"2025-05-23T20:23:27","modified_gmt":"2025-05-23T18:23:27","slug":"front_page","status":"publish","type":"page","link":"https:\/\/juneec.com\/","title":{"rendered":"Accueil"},"content":{"rendered":"<h1 style=\"text-align: center;\">NOTRE SAVOIR-FAIRE<\/h1>\n<div class=\"container\">\n<div class=\"image-section\"><img decoding=\"async\" src=\"http:\/\/juneec.com\/wp-content\/uploads\/2025\/04\/half-fish.svg\" alt=\"JUNE EC Electricite et climatisation logo\" \/><\/div>\n<div class=\"text-section\">\n<h2 style=\"text-align: center;\">QUI SOMMES-NOUS ?<\/h2>\n<p>Sp\u00e9cialistes de l&#8217;\u00e9lectricit\u00e9 et de la climatisation, nous accompagnons particuliers et professionnels avec des solutions sur mesure. Nous r\u00e9alisons des installations conformes aux normes, garantissant s\u00e9curit\u00e9 et performance, que ce soit pour une construction neuve, une r\u00e9novation ou un d\u00e9pannage.<\/p>\n<p>Nous proposons des syst\u00e8mes de climatisation performants et \u00e9conomes en \u00e9nergie, assurant installation, entretien et d\u00e9pannage. Notre expertise nous permet de conseiller nos clients sur les meilleures technologies pour un confort optimal.<\/p>\n<p>Qualit\u00e9, r\u00e9activit\u00e9 et confiance sont au c\u0153ur de notre engagement. Nous utilisons du mat\u00e9riel de grandes marques et respectons nos d\u00e9lais pour offrir un service fiable et durable.<\/p>\n<p style=\"text-align: center;\"><a class=\"btn\" href=\"#fin-page\">NOUS CONTACTER<\/a><\/p>\n<\/div>\n<\/div>\n<div class=\"garanties-section\">\n<h1 style=\"text-align: center;\">NOS SERVICES<\/h1>\n<p>&nbsp;<\/p>\n<div class=\"features-container\">\n<div class=\"feature\">\n<p><img decoding=\"async\" src=\"http:\/\/juneec.com\/wp-content\/uploads\/2025\/04\/electricity-svgrepo-com-1.svg\" alt=\"\u00c9quipe qualifi\u00e9e &amp; reconnue\" \/><strong>\u00c9LECTRICIT\u00c9<\/strong><\/p>\n<\/div>\n<div class=\"feature\">\n<p><img decoding=\"async\" src=\"http:\/\/juneec.com\/wp-content\/uploads\/2025\/04\/cold-snowflake-svgrepo-com.svg\" alt=\"Entreprise fiable &amp; \u00e0 l'\u00e9coute\" \/><strong>CLIMATISATION<\/strong><\/p>\n<\/div>\n<div class=\"feature\">\n<p><img decoding=\"async\" src=\"http:\/\/juneec.com\/wp-content\/uploads\/2025\/04\/padlock-svgrepo-com.svg\" alt=\"Respect des d\u00e9lais\" \/><strong>ALARME &amp; S\u00c9CURIT\u00c9<\/strong><\/p>\n<\/div>\n<div class=\"feature\">\n<p><img decoding=\"async\" src=\"http:\/\/juneec.com\/wp-content\/uploads\/2025\/04\/electric-car-svgrepo-com.svg\" alt=\"S\u00e9curit\u00e9 &amp; \u00e9thique garanties\" \/><strong>BORNE IRVE<\/strong><\/p>\n<\/div>\n<div class=\"feature\">\n<p><img decoding=\"async\" src=\"http:\/\/juneec.com\/wp-content\/uploads\/2025\/04\/construction-tools-svgrepo-com.svg\" alt=\"\u00c9quipe qualifi\u00e9e &amp; reconnue\" \/><strong>R\u00c9NOVATION \/ ENTRETIEN \/ D\u00c9PANNAGE<\/strong><\/p>\n<\/div>\n<\/div>\n<p>&nbsp;<\/p>\n<h1 style=\"text-align: center;\">\u00a0ILS M&#8217;ONT FAIT CONFIANCE<\/h1>\n<div class=\"responsive-container-block big-container\">\n<div class=\"responsive-container-block bg\">\n<div class=\"responsive-container-block blocks\">\n<div class=\"responsive-cell-block wk-desk-1 wk-tab-1 wk-mobile-1 wk-ipadp-1 content\">\n<p class=\"text-blk info-block\">Electricien s\u00e9rieux, comp\u00e9tent, professionnel et en plus agr\u00e9able. Je ne peux que le recommander. il m&#8217;a ajout\u00e9 des prises \u00e9lectriques, d\u00e9placer des prises, installer des plafonniers et des luminaires<\/p>\n<div class=\"responsive-container-block person\">\n<div class=\"responsive-cell-block wk-desk-6 wk-ipadp-6 wk-tab-12 wk-mobile-12 icon-block\"><img decoding=\"async\" class=\"profile-img\" src=\"http:\/\/juneec.com\/wp-content\/uploads\/2025\/04\/Annie-Bouttier-Petits-Travaux-Blanquefort.jpg\" \/><\/div>\n<div class=\"responsive-cell-block wk-desk-6 wk-ipadp-6 wk-tab-12 wk-mobile-12 text-block\">\n<p class=\"text-blk name\">Annie<\/p>\n<p class=\"text-blk desig\">Allo Voisins<\/p>\n<\/div>\n<\/div>\n<\/div>\n<div class=\"responsive-cell-block wk-desk-1 wk-tab-1 wk-mobile-1 wk-ipadp-1 content\">\n<p class=\"text-blk info-block\">Tr\u00e8s professionnel, Adrien m&#8217;a fait le devis rapidement et les travaux ont pu commencer vite. Il a refait mon tableau \u00e9lectrique et a remis ma maison au normes. Je recommande !!!<\/p>\n<div class=\"responsive-container-block person\">\n<div class=\"responsive-cell-block wk-desk-6 wk-ipadp-6 wk-tab-12 wk-mobile-12 icon-block\"><img decoding=\"async\" class=\"profile-img\" src=\"http:\/\/juneec.com\/wp-content\/uploads\/2025\/03\/logo.png\" \/><\/div>\n<div class=\"responsive-cell-block wk-desk-6 wk-ipadp-6 wk-tab-12 wk-mobile-12 text-block\">\n<p class=\"text-blk name\">Aurore<\/p>\n<p class=\"text-blk desig\">Allo Voisins<\/p>\n<\/div>\n<\/div>\n<\/div>\n<div class=\"responsive-cell-block wk-desk-1 wk-tab-1 wk-mobile-1 wk-ipadp-1 content bottom\">\n<p class=\"text-blk info-block\">Enfin un \u00e9lectricien s\u00e9rieux qui aime son travail et les gens. Adrien a le sens du d\u00e9tail et m&#8217;a refais toute l&#8217;\u00e9lectricit\u00e9 de mon ancienne grange ! Merci beaucoup !!!<\/p>\n<div class=\"responsive-container-block person\">\n<div class=\"responsive-cell-block wk-desk-6 wk-ipadp-6 wk-tab-12 wk-mobile-12 icon-block\"><img decoding=\"async\" class=\"profile-img\" src=\"http:\/\/juneec.com\/wp-content\/uploads\/2025\/03\/t.jpeg\" \/><\/div>\n<div class=\"responsive-cell-block wk-desk-6 wk-ipadp-6 wk-tab-12 wk-mobile-12 text-block\">\n<p class=\"text-blk name\">Thomas<\/p>\n<p class=\"text-blk desig\">Page Facebook June EC<\/p>\n<\/div>\n<\/div>\n<\/div>\n<\/div>\n<\/div>\n<\/div>\n<h1 style=\"text-align: center;\">NOUS CONTACTER<\/h1>\n<div class=\"features-container\">\n<div class=\"feature\">\n<p><img decoding=\"async\" src=\"http:\/\/juneec.com\/wp-content\/uploads\/2025\/04\/call-svgrepo-com-1.svg\" alt=\"Entreprise fiable &amp; \u00e0 l'\u00e9coute\" \/><span style=\"text-decoration: underline;\"><a href=\"tel:06 52 83 31 80\" target=\"_blank\" rel=\"noopener\"><strong>06 52 83 31 80<\/strong><\/a><\/span><\/p>\n<\/div>\n<div class=\"feature\">\n<p><img decoding=\"async\" src=\"http:\/\/juneec.com\/wp-content\/uploads\/2025\/04\/envelope-lines-svgrepo-com.svg\" alt=\"Entreprise fiable &amp; \u00e0 l'\u00e9coute\" \/><span style=\"text-decoration: underline;\"><a href=\"mailto:contact@juneec.com\" target=\"_blank\" rel=\"noopener\"><strong>contact@juneec.com<\/strong><\/a><\/span><\/p>\n<\/div>\n<div class=\"feature\">\n<p><img decoding=\"async\" src=\"http:\/\/juneec.com\/wp-content\/uploads\/2025\/04\/map-navigation-svgrepo-com.svg\" alt=\"Respect des d\u00e9lais\" \/><strong>Nouvelle-Aquitaine<\/strong><\/p>\n<\/div>\n<\/div>\n<div id=\"fin-page\"><\/div>\n<\/div>\n","protected":false},"excerpt":{"rendered":"<p>NOTRE SAVOIR-FAIRE QUI SOMMES-NOUS ? Sp\u00e9cialistes de l&#8217;\u00e9lectricit\u00e9 et de la climatisation, nous accompagnons particuliers et professionnels avec des solutions sur mesure. Nous r\u00e9alisons des installations conformes aux normes, garantissant s\u00e9curit\u00e9 et performance, que ce soit pour une construction neuve, une r\u00e9novation ou un d\u00e9pannage. Nous proposons des syst\u00e8mes de climatisation performants et \u00e9conomes en &hellip; <\/p>\n<p class=\"link-more\"><a href=\"https:\/\/juneec.com\/\" class=\"more-link\">Read more<span class=\"screen-reader-text\"> &#8220;Accueil&#8221;<\/span><\/a><\/p>\n","protected":false},"author":1,"featured_media":0,"parent":0,"menu_order":0,"comment_status":"closed","ping_status":"closed","template":"page-templates\/homepage-builder-bb.php","meta":{"inline_featured_image":false,"footnotes":""},"class_list":["post-32","page","type-page","status-publish","hentry"],"yoast_head":"<!-- This site is optimized with the Yoast SEO plugin v24.6 - https:\/\/yoast.com\/wordpress\/plugins\/seo\/ -->\n<title>JUNE EC - Electricit\u00e9 et Climatisation - Nouvelle Aquitaine<\/title>\n<meta name=\"description\" content=\"Sp\u00e9cialistes de l&#039;\u00e9lectricit\u00e9 et de la climatisation, nous accompagnons particuliers et professionnels avec des solutions sur mesure !\" \/>\n<meta name=\"robots\" content=\"index, follow, max-snippet:-1, max-image-preview:large, max-video-preview:-1\" \/>\n<link rel=\"canonical\" href=\"https:\/\/juneec.com\/\" \/>\n<meta property=\"og:locale\" content=\"en_US\" \/>\n<meta property=\"og:type\" content=\"article\" \/>\n<meta property=\"og:title\" content=\"JUNE EC - Electricit\u00e9 et Climatisation - Nouvelle Aquitaine\" \/>\n<meta property=\"og:description\" content=\"Sp\u00e9cialistes de l&#039;\u00e9lectricit\u00e9 et de la climatisation, nous accompagnons particuliers et professionnels avec des solutions sur mesure !\" \/>\n<meta property=\"og:url\" content=\"https:\/\/juneec.com\/\" \/>\n<meta property=\"og:site_name\" content=\"JUNE EC\" \/>\n<meta property=\"article:modified_time\" content=\"2025-05-23T18:23:27+00:00\" \/>\n<meta property=\"og:image\" content=\"http:\/\/juneec.com\/wp-content\/uploads\/2025\/04\/half-fish.svg\" \/>\n<meta name=\"twitter:card\" content=\"summary_large_image\" \/>\n<meta name=\"twitter:label1\" content=\"Est. reading time\" \/>\n\t<meta name=\"twitter:data1\" content=\"4 minutes\" \/>\n<script type=\"application\/ld+json\" class=\"yoast-schema-graph\">{\"@context\":\"https:\/\/schema.org\",\"@graph\":[{\"@type\":\"WebPage\",\"@id\":\"https:\/\/juneec.com\/\",\"url\":\"https:\/\/juneec.com\/\",\"name\":\"JUNE EC - Electricit\u00e9 et Climatisation - Nouvelle Aquitaine\",\"isPartOf\":{\"@id\":\"https:\/\/juneec.com\/#website\"},\"primaryImageOfPage\":{\"@id\":\"https:\/\/juneec.com\/#primaryimage\"},\"image\":{\"@id\":\"https:\/\/juneec.com\/#primaryimage\"},\"thumbnailUrl\":\"http:\/\/juneec.com\/wp-content\/uploads\/2025\/04\/half-fish.svg\",\"datePublished\":\"2025-03-08T09:43:58+00:00\",\"dateModified\":\"2025-05-23T18:23:27+00:00\",\"description\":\"Sp\u00e9cialistes de l'\u00e9lectricit\u00e9 et de la climatisation, nous accompagnons particuliers et professionnels avec des solutions sur mesure !\",\"breadcrumb\":{\"@id\":\"https:\/\/juneec.com\/#breadcrumb\"},\"inLanguage\":\"en-US\",\"potentialAction\":[{\"@type\":\"ReadAction\",\"target\":[\"https:\/\/juneec.com\/\"]}]},{\"@type\":\"ImageObject\",\"inLanguage\":\"en-US\",\"@id\":\"https:\/\/juneec.com\/#primaryimage\",\"url\":\"http:\/\/juneec.com\/wp-content\/uploads\/2025\/04\/half-fish.svg\",\"contentUrl\":\"http:\/\/juneec.com\/wp-content\/uploads\/2025\/04\/half-fish.svg\"},{\"@type\":\"BreadcrumbList\",\"@id\":\"https:\/\/juneec.com\/#breadcrumb\",\"itemListElement\":[{\"@type\":\"ListItem\",\"position\":1,\"name\":\"Accueil\",\"item\":\"https:\/\/juneec.com\/\"},{\"@type\":\"ListItem\",\"position\":2,\"name\":\"Accueil\"}]},{\"@type\":\"WebSite\",\"@id\":\"https:\/\/juneec.com\/#website\",\"url\":\"https:\/\/juneec.com\/\",\"name\":\"JUNE EC\",\"description\":\"\u00c9LECTICIT\u00c9 ET CLIMATISATION\",\"publisher\":{\"@id\":\"https:\/\/juneec.com\/#organization\"},\"potentialAction\":[{\"@type\":\"SearchAction\",\"target\":{\"@type\":\"EntryPoint\",\"urlTemplate\":\"https:\/\/juneec.com\/?s={search_term_string}\"},\"query-input\":{\"@type\":\"PropertyValueSpecification\",\"valueRequired\":true,\"valueName\":\"search_term_string\"}}],\"inLanguage\":\"en-US\"},{\"@type\":\"Organization\",\"@id\":\"https:\/\/juneec.com\/#organization\",\"name\":\"JUNE EC\",\"url\":\"https:\/\/juneec.com\/\",\"logo\":{\"@type\":\"ImageObject\",\"inLanguage\":\"en-US\",\"@id\":\"https:\/\/juneec.com\/#\/schema\/logo\/image\/\",\"url\":\"https:\/\/juneec.com\/wp-content\/uploads\/2025\/03\/logo.png\",\"contentUrl\":\"https:\/\/juneec.com\/wp-content\/uploads\/2025\/03\/logo.png\",\"width\":1080,\"height\":1080,\"caption\":\"JUNE EC\"},\"image\":{\"@id\":\"https:\/\/juneec.com\/#\/schema\/logo\/image\/\"}}]}<\/script>\n<!-- \/ Yoast SEO plugin. -->","yoast_head_json":{"title":"JUNE EC - Electricit\u00e9 et Climatisation - Nouvelle Aquitaine","description":"Sp\u00e9cialistes de l'\u00e9lectricit\u00e9 et de la climatisation, nous accompagnons particuliers et professionnels avec des solutions sur mesure !","robots":{"index":"index","follow":"follow","max-snippet":"max-snippet:-1","max-image-preview":"max-image-preview:large","max-video-preview":"max-video-preview:-1"},"canonical":"https:\/\/juneec.com\/","og_locale":"en_US","og_type":"article","og_title":"JUNE EC - Electricit\u00e9 et Climatisation - Nouvelle Aquitaine","og_description":"Sp\u00e9cialistes de l'\u00e9lectricit\u00e9 et de la climatisation, nous accompagnons particuliers et professionnels avec des solutions sur mesure !","og_url":"https:\/\/juneec.com\/","og_site_name":"JUNE EC","article_modified_time":"2025-05-23T18:23:27+00:00","og_image":[{"url":"http:\/\/juneec.com\/wp-content\/uploads\/2025\/04\/half-fish.svg","type":"","width":"","height":""}],"twitter_card":"summary_large_image","twitter_misc":{"Est. reading time":"4 minutes"},"schema":{"@context":"https:\/\/schema.org","@graph":[{"@type":"WebPage","@id":"https:\/\/juneec.com\/","url":"https:\/\/juneec.com\/","name":"JUNE EC - Electricit\u00e9 et Climatisation - Nouvelle Aquitaine","isPartOf":{"@id":"https:\/\/juneec.com\/#website"},"primaryImageOfPage":{"@id":"https:\/\/juneec.com\/#primaryimage"},"image":{"@id":"https:\/\/juneec.com\/#primaryimage"},"thumbnailUrl":"http:\/\/juneec.com\/wp-content\/uploads\/2025\/04\/half-fish.svg","datePublished":"2025-03-08T09:43:58+00:00","dateModified":"2025-05-23T18:23:27+00:00","description":"Sp\u00e9cialistes de l'\u00e9lectricit\u00e9 et de la climatisation, nous accompagnons particuliers et professionnels avec des solutions sur mesure !","breadcrumb":{"@id":"https:\/\/juneec.com\/#breadcrumb"},"inLanguage":"en-US","potentialAction":[{"@type":"ReadAction","target":["https:\/\/juneec.com\/"]}]},{"@type":"ImageObject","inLanguage":"en-US","@id":"https:\/\/juneec.com\/#primaryimage","url":"http:\/\/juneec.com\/wp-content\/uploads\/2025\/04\/half-fish.svg","contentUrl":"http:\/\/juneec.com\/wp-content\/uploads\/2025\/04\/half-fish.svg"},{"@type":"BreadcrumbList","@id":"https:\/\/juneec.com\/#breadcrumb","itemListElement":[{"@type":"ListItem","position":1,"name":"Accueil","item":"https:\/\/juneec.com\/"},{"@type":"ListItem","position":2,"name":"Accueil"}]},{"@type":"WebSite","@id":"https:\/\/juneec.com\/#website","url":"https:\/\/juneec.com\/","name":"JUNE EC","description":"\u00c9LECTICIT\u00c9 ET CLIMATISATION","publisher":{"@id":"https:\/\/juneec.com\/#organization"},"potentialAction":[{"@type":"SearchAction","target":{"@type":"EntryPoint","urlTemplate":"https:\/\/juneec.com\/?s={search_term_string}"},"query-input":{"@type":"PropertyValueSpecification","valueRequired":true,"valueName":"search_term_string"}}],"inLanguage":"en-US"},{"@type":"Organization","@id":"https:\/\/juneec.com\/#organization","name":"JUNE EC","url":"https:\/\/juneec.com\/","logo":{"@type":"ImageObject","inLanguage":"en-US","@id":"https:\/\/juneec.com\/#\/schema\/logo\/image\/","url":"https:\/\/juneec.com\/wp-content\/uploads\/2025\/03\/logo.png","contentUrl":"https:\/\/juneec.com\/wp-content\/uploads\/2025\/03\/logo.png","width":1080,"height":1080,"caption":"JUNE EC"},"image":{"@id":"https:\/\/juneec.com\/#\/schema\/logo\/image\/"}}]}},"_links":{"self":[{"href":"https:\/\/juneec.com\/index.php\/wp-json\/wp\/v2\/pages\/32","targetHints":{"allow":["GET"]}}],"collection":[{"href":"https:\/\/juneec.com\/index.php\/wp-json\/wp\/v2\/pages"}],"about":[{"href":"https:\/\/juneec.com\/index.php\/wp-json\/wp\/v2\/types\/page"}],"author":[{"embeddable":true,"href":"https:\/\/juneec.com\/index.php\/wp-json\/wp\/v2\/users\/1"}],"replies":[{"embeddable":true,"href":"https:\/\/juneec.com\/index.php\/wp-json\/wp\/v2\/comments?post=32"}],"version-history":[{"count":25,"href":"https:\/\/juneec.com\/index.php\/wp-json\/wp\/v2\/pages\/32\/revisions"}],"predecessor-version":[{"id":313,"href":"https:\/\/juneec.com\/index.php\/wp-json\/wp\/v2\/pages\/32\/revisions\/313"}],"wp:attachment":[{"href":"https:\/\/juneec.com\/index.php\/wp-json\/wp\/v2\/media?parent=32"}],"curies":[{"name":"wp","href":"https:\/\/api.w.org\/{rel}","templated":true}]}}